{"id":1791,"date":"2015-10-28T08:40:52","date_gmt":"2015-10-28T08:40:52","guid":{"rendered":"https:\/\/www.bde-group.be\/en\/sample-page\/"},"modified":"2018-06-27T09:34:27","modified_gmt":"2018-06-27T09:34:27","slug":"sample-page","status":"publish","type":"page","link":"https:\/\/www.bde-group.be\/en\/","title":{"rendered":"Home"},"content":{"rendered":"<p><div class=\"fusion-fullwidth fullwidth-box nonhundred-percent-fullwidth non-hundred-percent-height-scrolling\"  style='background-color: transparent;background-position: left top;background-repeat: no-repeat;padding-top:20px;padding-right:0px;padding-bottom:20px;padding-left:0px;border-top-width:0px;border-bottom-width:0px;border-color:#eae9e9;border-top-style:solid;border-bottom-style:solid;'><div class=\"fusion-builder-row fusion-row \"><div  class=\"fusion-layout-column fusion_builder_column fusion_builder_column_1_3  fusion-one-third fusion-column-first 1_3\"  style='margin-top:0px;margin-bottom:20px;width:30.6666%; margin-right: 4%;'>\n\t\t\t\t\t<div class=\"fusion-column-wrapper\" style=\"padding: 0px 0px 0px 0px;background-position:left top;background-repeat:no-repeat;-webkit-background-size:cover;-moz-background-size:cover;-o-background-size:cover;background-size:cover;\"  data-bg-url=\"\">\n\t\t\t\t\t\t<div class=\"fusion-title title fusion-sep-none fusion-title-size-two\" style=\"margin-top:0px;margin-bottom:31px;\"><h2 class=\"title-heading-left\">Your IT partner!<\/h2><\/div><div class=\"fusion-text\"><p>Our passion \u2013 offering our customers individual support and advice.<\/p>\n<p>Whether for IT infrastructure management, IT equipment purchase or ensuring the security of your systems and data, our experts help find the right solution for you.<\/p>\n<p>Trust us, talk to us about your requirements and we will put everything in place to meet them.<\/p>\n<p>BDE Group, a business on a human scale with talents and skills, BDE Group, your IT partner.<\/p>\n<\/div><span class=\"fusion-imageframe imageframe-none imageframe-1 hover-type-none\"><img loading=\"lazy\" src=\"https:\/\/2015.bde-group.be\/wp-content\/uploads\/2015\/12\/Equipe-BDE-Group.png\" width=\"\" height=\"\" alt=\"\" title=\"\" class=\"img-responsive\"\/><\/span><div class=\"fusion-clearfix\"><\/div>\n\n\t\t\t\t\t<\/div>\n\t\t\t\t<\/div><div  class=\"fusion-layout-column fusion_builder_column fusion_builder_column_2_5  fusion-two-fifth 2_5\"  style='margin-top:0px;margin-bottom:20px;width:37.6%; margin-right: 4%;'>\n\t\t\t\t\t<div class=\"fusion-column-wrapper\" style=\"padding: 0px 0px 0px 0px;background-position:left top;background-repeat:no-repeat;-webkit-background-size:cover;-moz-background-size:cover;-o-background-size:cover;background-size:cover;\"  data-bg-url=\"\">\n\t\t\t\t\t\t<div class=\"fusion-title title fusion-sep-none fusion-title-size-two\" style=\"margin-top:0px;margin-bottom:31px;\"><h2 class=\"title-heading-left\">Our sectors of activity<\/h2><\/div><div class=\"services-bde-group\">\r\n\r\n<a href=\"\/?p=1631\" style=\"background-image:url(\/wp-content\/uploads\/2015\/11\/service-entreprises.png)\">\r\n<div class=\"for-who-block-right service-1\"><span>Companies<span class=\"mini\"> & liberal professions<\/span><\/span><\/div><\/a>\r\n\r\n\r\n<a href=\"\/?p=1642\" class=\"rlink\" style=\"background-image:url(\/wp-content\/uploads\/2015\/11\/services-particuliers.jpg)\">\r\n<div class=\"for-who-block-left service-2\"><span>Private individuals<\/span><\/div><\/a>\r\n\r\n<a href=\"\/?p=1619\" style=\"background-image:url(\/wp-content\/uploads\/2015\/11\/services-ecoles.jpg)\">\r\n<div class=\"for-who-block-right service-3\"><span>Education<\/span><\/div><\/a>\r\n\r\n<a href=\"\/?p=1659\" class=\"rlink secteurpublic\" style=\"background-image:url(\/wp-content\/uploads\/2015\/11\/services-public.jpg)\">\r\n<div class=\"for-who-block-left service-4\"><span>Public sector\r\n<span class=\"mini\">Hotels & hospitals<\/span><\/span><\/div><\/a>\r\n\r\n<\/div><div class=\"fusion-clearfix\"><\/div>\n\n\t\t\t\t\t<\/div>\n\t\t\t\t<\/div><div  class=\"fusion-layout-column fusion_builder_column fusion_builder_column_1_4  fusion-one-fourth fusion-spacing-no sidebar-bdegroup 1_4\"  style='margin-top:0px;margin-bottom:20px;width:22%; margin-right: 0%;'>\n\t\t\t\t\t<div class=\"fusion-column-wrapper\" style=\"padding: 0px 0px 0px 0px;background-position:left top;background-repeat:no-repeat;-webkit-background-size:cover;-moz-background-size:cover;-o-background-size:cover;background-size:cover;\"  data-bg-url=\"\">\n\t\t\t\t\t\t<div class=\"fusion-title title fusion-sep-none fusion-title-size-two\" style=\"margin-top:0px;margin-bottom:31px;\"><h2 class=\"title-heading-left\">Our services<\/h2><\/div><div class=\"fusion-widget-area fusion-widget-area-1 fusion-content-widget-area\"><style type=\"text\/css\" scoped=\"scoped\">.fusion-widget-area-1 {padding:0px 0px 0px 0px;}.fusion-widget-area-1 .widget h4 {color:#50606f;}.fusion-widget-area-1 .widget .heading h4 {color:#50606f;}<\/style><div id=\"text-3\" class=\"widget widget_text\">\t\t\t<div class=\"textwidget\"><div class=\"services-bde-group\"><div class=\"lang-fr\">Le BDE Group vous propose diff\u00e9rents services IT par le biais de diff\u00e9rentes soci\u00e9t\u00e9s:\r\n\r\n<a href=\"http:\/\/www.bisoft.be\/\" alt=\"Bisoft - IT Services\" class=\"border-blue\"><img src=\"\/wp-content\/uploads\/2020\/04\/logo-bisoft-home.png\" \/><div class=\"after\">IT Services<\/div><\/a>\r\n\r\n<a href=\"http:\/\/www.revalor\/\" alt=\"Revalor\" <\/a>\r\n<\/div>\r\n<div class=\"lang-nl\">BDE Group biedt verschillende IT-diensten aan via verschillende vennootschappen:\r\n<a href=\"http:\/\/www.bisoft.be\/nl\" alt=\"Bisoft - IT Services\" class=\"border-blue\"><img src=\"\/wp-content\/uploads\/2020\/04\/logo-bisoft-home.png\" \/><div class=\"after\">IT Services<\/div><\/a>\r\n\r\n<a href=\"http:\/\/www.revalor\/\" alt=\"Revalor\" <\/a>\r\n\r\n<\/div>\r\n\r\n\r\n<div class=\"lang-en\">The BDE Group offers the full range of IT services through its different companies:\r\n<a href=\"http:\/\/www.bisoft.be\/en\" alt=\"Bisoft - IT Services\" class=\"border-blue\"><img src=\"\/wp-content\/uploads\/2020\/04\/logo-bisoft-home.png\" \/><div class=\"after\">IT Services<\/div><\/a>\r\n\r\n<a href=\"http:\/\/www.revalor\/\" alt=\"Revalor\" <\/a>\r\n<\/div>\r\n\r\n<\/div><\/div>\n\t\t<\/div><div class=\"fusion-additional-widget-content\"><\/div><\/div><div class=\"fusion-clearfix\"><\/div>\n\n\t\t\t\t\t<\/div>\n\t\t\t\t<\/div><\/div><\/div><div class=\"fusion-fullwidth fullwidth-box white nonhundred-percent-fullwidth non-hundred-percent-height-scrolling fusion-equal-height-columns\"  style='background-color: #749cd6;background-position: left top;background-repeat: no-repeat;border-top-width:0px;border-bottom-width:0px;border-color:#eae9e9;border-top-style:solid;border-bottom-style:solid;'><div class=\"fusion-builder-row fusion-row \"><div  class=\"fusion-layout-column fusion_builder_column fusion_builder_column_3_5  fusion-three-fifth fusion-column-first 3_5\"  style='margin-top:0px;margin-bottom:0px;width:58.4%; margin-right: 4%;'>\n\t\t\t\t\t<div class=\"fusion-column-wrapper\" style=\"padding: 40px 0px 40px 60px;background-position:left top;background-repeat:no-repeat;-webkit-background-size:cover;-moz-background-size:cover;-o-background-size:cover;background-size:cover;\"  data-bg-url=\"\">\n\t\t\t\t\t\t<div class=\"fusion-title title fusion-sep-none fusion-title-size-two\" style=\"margin-top:0px;margin-bottom:31px;\"><h2 class=\"title-heading-left\">&#8220;Working with you since 1992 &#8211; already!&#8221;<\/h2><\/div><div class=\"fusion-text\"><div id=\"attachment_758\" style=\"width: 210px\" class=\"wp-caption alignleft\"><a href=\"https:\/\/2015.bde-group.be\/wp-content\/uploads\/2015\/10\/Bernard.jpg\"><img aria-describedby=\"caption-attachment-758\" loading=\"lazy\" class=\"wp-image-758\" style=\"margin-top: 10px;\" src=\"https:\/\/2015.bde-group.be\/wp-content\/uploads\/2015\/10\/Bernard-300x199.jpg\" alt=\"Bernard Persoons - CEO\" width=\"200\" height=\"133\" srcset=\"https:\/\/www.bde-group.be\/wp-content\/uploads\/2015\/10\/Bernard-300x199.jpg 300w, https:\/\/www.bde-group.be\/wp-content\/uploads\/2015\/10\/Bernard-1024x681.jpg 1024w, https:\/\/www.bde-group.be\/wp-content\/uploads\/2015\/10\/Bernard.jpg 1920w\" sizes=\"(max-width: 200px) 100vw, 200px\" \/><\/a><p id=\"caption-attachment-758\" class=\"wp-caption-text\">Bernard Persoons &#8211; CEO<\/p><\/div>\n<p>Writing these few lines to introduce the presentation of our Group gives me a sense of entrepreneurial pride \u2013 it is good to be able support entrepreneurship in this period of technological ferment with all the new challenges it brings.<\/p>\n<p>This adventure would not have been possible without the driving force provided by our Group\u2019s human capital. I pay tribute to our earliest employees and in particular our customers who entrusted the management of their information systems to the talents that make up our team.<\/p>\n<p>Transmission is an essential value within the BDE Group, both between generations and in terms of sharing expertise not only with our carefully selected technology partners but also with the technical teams of the customers we support.<\/p>\n<p>As it developed, the BDE Group specialized its services focusing not only on sectors such as local entities, hospitals, hotels, education and distribution, but also on supporting both private and public service companies.<\/p>\n<p>To achieve this, our teams have continuously maintained a high level of training, have total commitment and a passion for advanced technologies &#8211; which has the benefit of satisfying our customers who in return reward us with their loyalty. We are justly proud.<\/p>\n<p>The BDE Group is also a human-sized company where everyone with their particular skills and values has a place. After three years of working with the Actiris diversity unit, the BDE Group has been awarded the \u201cDiversit\u00e9\u201d label.<\/p>\n<p>In practical terms the plan meant employing people with disabilities, developing training spaces for people with disabilities, and a training catalogue for people with impaired hearing.<\/p>\n<p>So briefly this is what characterizes us. I would now like to invite you to discover the activities of the various entities in the BDE Group.<\/p>\n<\/div><div class=\"fusion-clearfix\"><\/div>\n\n\t\t\t\t\t<\/div>\n\t\t\t\t<\/div><div  class=\"fusion-layout-column fusion_builder_column fusion_builder_column_2_5  fusion-two-fifth fusion-column-last cover 2_5\"  style='margin-top:0px;margin-bottom:0px;width:37.6%'>\n\t\t\t\t\t<div class=\"fusion-column-wrapper\" style=\"padding: 0px 0px 0px 0px;background-image: url('https:\/\/2015.bde-group.be\/wp-content\/uploads\/2015\/10\/bde1992-3-e1446944468953.jpg');background-position:center center;background-repeat:no-repeat;-webkit-background-size:cover;-moz-background-size:cover;-o-background-size:cover;background-size:cover;\"  data-bg-url=\"https:\/\/2015.bde-group.be\/wp-content\/uploads\/2015\/10\/bde1992-3-e1446944468953.jpg\">\n\t\t\t\t\t\t<div class=\"fusion-clearfix\"><\/div>\n\n\t\t\t\t\t<\/div>\n\t\t\t\t<\/div><\/div><\/div><div class=\"fusion-fullwidth fullwidth-box margintop nonhundred-percent-fullwidth non-hundred-percent-height-scrolling\"  style='background-color: #ffffff;background-position: left top;background-repeat: no-repeat;border-top-width:0px;border-bottom-width:0px;border-color:#eae9e9;border-top-style:solid;border-bottom-style:solid;'><div class=\"fusion-builder-row fusion-row \"><div  class=\"fusion-layout-column fusion_builder_column fusion_builder_column_3_5  fusion-three-fifth fusion-column-first fusion-blend-mode 3_5\"  style='margin-top:0px;margin-bottom:20px;width:58.4%; margin-right: 4%;'>\n\t\t\t\t\t<div class=\"fusion-column-wrapper\" style=\"background-color:#ffffff;padding: 40px 0px 0px 60px;background-position:left top;background-repeat:no-repeat;-webkit-background-size:cover;-moz-background-size:cover;-o-background-size:cover;background-size:cover;\"  data-bg-url=\"\">\n\t\t\t\t\t\t<div class=\"fusion-title title fusion-sep-none fusion-title-size-two\" style=\"margin-top:0px;margin-bottom:31px;\"><h2 class=\"title-heading-left\">Actualit\u00e9s<\/h2><\/div><div class=\"fusion-recent-posts avada-container layout-default layout-columns-1\"><section class=\"fusion-columns columns fusion-columns-1 columns-1\"><div class=\"fusion-column column col col-lg-12 col-md-12 col-sm-12\"><div class=\"recent-posts-content\"><h4 class=\"\"><a href=\"https:\/\/www.bde-group.be\/en\/fermeture-annuelle-de-nos-points-de-vente-du-18-07-au-03-08\/\">Fermeture annuelle de nos points de vente du 18\/07 au 03\/08<\/a><\/h4><p class=\"meta\"><span> 8 - 07 - 2020<\/span><span class=\"fusion-inline-sep\">|<\/span><span class=\"fusion-comments\"><span>Comments Off<span class=\"screen-reader-text\"> on Fermeture annuelle de nos points de vente du 18\/07 au 03\/08<\/span><\/span><\/span><\/p><h3 style=\"text-align: center;\">Chers clients,<\/h3>\n<h3 style=\"text-align: center;\">Nous vous rappelons notre fermeture annuelle du 18\/07 au 03\/08 compris.<br \/>\nTous nos points de vente seront ferm\u00e9s!<br \/>\nOn recharge nos batteries et on se voit en ao\u00fbt<\/h3>\n<h3 style=\"text-align: center;\">A bient\u00f4t,<\/h3>\n<h3 style=\"text-align: \n\n<\/div><\/div><\/section><\/div><div class=\"fusion-clearfix\"><\/div>\n\n\t\t\t\t\t<\/div>\n\t\t\t\t<\/div><div  class=\"fusion-layout-column fusion_builder_column fusion_builder_column_2_5  fusion-two-fifth fusion-column-last fusion-blend-mode news-mini 2_5\"  style='margin-top:0px;margin-bottom:20px;width:37.6%'>\n\t\t\t\t\t<div class=\"fusion-column-wrapper\" style=\"background-color:#ffffff;padding: 40px 60px 0px 0px;background-position:left top;background-repeat:no-repeat;-webkit-background-size:cover;-moz-background-size:cover;-o-background-size:cover;background-size:cover;\"  data-bg-url=\"\">\n\t\t\t\t\t\t<div class=\"fusion-button-wrapper fusion-alignright\"><style type=\"text\/css\" scoped=\"scoped\">.fusion-button.button-1 .fusion-button-text, .fusion-button.button-1 i {color:#ffffff;}.fusion-button.button-1 {border-width:0px;border-color:#ffffff;}.fusion-button.button-1 .fusion-button-icon-divider{border-color:#ffffff;}.fusion-button.button-1:hover .fusion-button-text, .fusion-button.button-1:hover i,.fusion-button.button-1:focus .fusion-button-text, .fusion-button.button-1:focus i,.fusion-button.button-1:active .fusion-button-text, .fusion-button.button-1:active{color:#ffffff;}.fusion-button.button-1:hover, .fusion-button.button-1:focus, .fusion-button.button-1:active{border-width:0px;border-color:#ffffff;}.fusion-button.button-1:hover .fusion-button-icon-divider, .fusion-button.button-1:hover .fusion-button-icon-divider, .fusion-button.button-1:active .fusion-button-icon-divider{border-color:#ffffff;}.fusion-button.button-1{width:auto;}<\/style><a class=\"fusion-button button-flat fusion-button-round button-medium button-default button-1\" target=\"_self\" href=\"\/?p=154\"><span class=\"fusion-button-text\">Toutes les actualit\u00e9s<\/span><\/a><\/div><div class=\"fusion-recent-posts avada-container layout-thumbnails-on-side layout-columns-1\"><section class=\"fusion-columns columns fusion-columns-1 columns-1\"><div class=\"fusion-column column col col-lg-12 col-md-12 col-sm-12\"><div class=\"fusion-flexslider flexslider floated-slideshow flexslider-hover-type-none\"><ul class=\"slides\"><li><a href=\"https:\/\/www.bde-group.be\/en\/au-salon-des-mandataires2020\/\" class=\"hover-type-none\" aria-label=\"BDE Group \u00e9tait au salon des mandataires ces 13-14\/02\/2020\"><img src=\"https:\/\/www.bde-group.be\/wp-content\/uploads\/2016\/02\/sdm6-177x142.jpg\" alt=\"\" \/><\/a><\/li><li><a href=\"https:\/\/www.bde-group.be\/en\/au-salon-des-mandataires2020\/\" class=\"hover-type-none\" aria-label=\"BDE Group \u00e9tait au salon des mandataires ces 13-14\/02\/2020\"><img src=\"https:\/\/www.bde-group.be\/wp-content\/uploads\/2016\/02\/salon-dm3-177x142.jpg\" alt=\"\" \/><\/a><\/li><\/ul><\/div><div class=\"recent-posts-content\"><h4 class=\"\"><a href=\"https:\/\/www.bde-group.be\/en\/au-salon-des-mandataires2020\/\">BDE Group \u00e9tait au salon des mandataires ces 13-14\/02\/2020<\/a><\/h4><p class=\"meta\"><span> 17 - 02 - 2020<\/span><span class=\"fusion-inline-sep\">|<\/span><span class=\"fusion-comments\"><span>Comments Off<span class=\"screen-reader-text\"> on BDE Group \u00e9tait au salon des mandataires ces 13-14\/02\/2020<\/span><\/span><\/span><\/p><p>BDE Group a particip\u00e9 cette ann\u00e9e au salon des mandataires, qui s\u2019est d\u00e9roul\u00e9 les 13 et 14 f\u00e9vrier derniers, \u00e0<\/p>\n<\/div><\/div><div class=\"fusion-column column col col-lg-12 col-md-12 col-sm-12\"><div class=\"recent-posts-content\"><h4 class=\"\"><a href=\"https:\/\/www.bde-group.be\/en\/ibs-consulting-integre-bde-group\/\">IBS Consulting int\u00e8gre BDE Group<\/a><\/h4><p class=\"meta\"><span> 9 - 02 - 2016<\/span><span class=\"fusion-inline-sep\">|<\/span><span class=\"fusion-comments\"><span>Comments Off<span class=\"screen-reader-text\"> on IBS Consulting int\u00e8gre BDE Group<\/span><\/span><\/span><\/p><p>IBS Consulting S.A. assure son expansion en se rattachant \u00e0 BDE Group<\/p>\n<p>Par ce rapprochement, synonyme d\u2019expansion des activit\u00e9s et de<\/p>\n<\/div><\/div><div class=\"fusion-column column col col-lg-12 col-md-12 col-sm-12\"><div class=\"recent-posts-content\"><h4 class=\"\"><a href=\"https:\/\/www.bde-group.be\/en\/test-developpement\/\">Dev test<\/a><\/h4><p class=\"meta\"><span> 30 - 11 - 2015<\/span><span class=\"fusion-inline-sep\">|<\/span><span class=\"fusion-comments\"><a href=\"https:\/\/www.bde-group.be\/en\/test-developpement\/#respond\">0 Comments<\/a><\/span><\/p><p>WordPress functions test<\/p>\n<\/div><\/div><\/section><\/div><div class=\"fusion-clearfix\"><\/div>\n\n\t\t\t\t\t<\/div>\n\t\t\t\t<\/div><\/div><\/div><\/p>\n","protected":false},"excerpt":{"rendered":"","protected":false},"author":1,"featured_media":0,"parent":0,"menu_order":0,"comment_status":"closed","ping_status":"open","template":"100-width.php","meta":[],"yoast_head":"<!-- This site is optimized with the Yoast SEO plugin v17.9 - https:\/\/yoast.com\/wordpress\/plugins\/seo\/ -->\n<title>Home - BDE Group<\/title>\n<meta name=\"robots\" content=\"index, follow, max-snippet:-1, max-image-preview:large, max-video-preview:-1\" \/>\n<link rel=\"canonical\" href=\"https:\/\/www.bde-group.be\/en\/\" \/>\n<meta property=\"og:locale\" content=\"en_US\" \/>\n<meta property=\"og:type\" content=\"article\" \/>\n<meta property=\"og:title\" content=\"Home - BDE Group\" \/>\n<meta property=\"og:url\" content=\"https:\/\/www.bde-group.be\/en\/\" \/>\n<meta property=\"og:site_name\" content=\"BDE Group\" \/>\n<meta property=\"article:modified_time\" content=\"2018-06-27T09:34:27+00:00\" \/>\n<meta property=\"og:image\" content=\"https:\/\/2015.bde-group.be\/wp-content\/uploads\/2015\/12\/Equipe-BDE-Group.png\" \/>\n<meta name=\"twitter:card\" content=\"summary_large_image\" \/>\n<meta name=\"twitter:label1\" content=\"Est. reading time\" \/>\n\t<meta name=\"twitter:data1\" content=\"8 minutes\" \/>\n<script type=\"application\/ld+json\" class=\"yoast-schema-graph\">{\"@context\":\"https:\/\/schema.org\",\"@graph\":[{\"@type\":\"WebSite\",\"@id\":\"https:\/\/www.bde-group.be\/#website\",\"url\":\"https:\/\/www.bde-group.be\/\",\"name\":\"BDE Group\",\"description\":\"Votre partenaire informatique!\",\"potentialAction\":[{\"@type\":\"SearchAction\",\"target\":{\"@type\":\"EntryPoint\",\"urlTemplate\":\"https:\/\/www.bde-group.be\/?s={search_term_string}\"},\"query-input\":\"required name=search_term_string\"}],\"inLanguage\":\"en-US\"},{\"@type\":\"ImageObject\",\"@id\":\"https:\/\/www.bde-group.be\/en\/#primaryimage\",\"inLanguage\":\"en-US\",\"url\":\"https:\/\/2015.bde-group.be\/wp-content\/uploads\/2015\/12\/Equipe-BDE-Group.png\",\"contentUrl\":\"https:\/\/2015.bde-group.be\/wp-content\/uploads\/2015\/12\/Equipe-BDE-Group.png\"},{\"@type\":\"WebPage\",\"@id\":\"https:\/\/www.bde-group.be\/en\/#webpage\",\"url\":\"https:\/\/www.bde-group.be\/en\/\",\"name\":\"Home - BDE Group\",\"isPartOf\":{\"@id\":\"https:\/\/www.bde-group.be\/#website\"},\"primaryImageOfPage\":{\"@id\":\"https:\/\/www.bde-group.be\/en\/#primaryimage\"},\"datePublished\":\"2015-10-28T08:40:52+00:00\",\"dateModified\":\"2018-06-27T09:34:27+00:00\",\"breadcrumb\":{\"@id\":\"https:\/\/www.bde-group.be\/en\/#breadcrumb\"},\"inLanguage\":\"en-US\",\"potentialAction\":[{\"@type\":\"ReadAction\",\"target\":[\"https:\/\/www.bde-group.be\/en\/\"]}]},{\"@type\":\"BreadcrumbList\",\"@id\":\"https:\/\/www.bde-group.be\/en\/#breadcrumb\",\"itemListElement\":[{\"@type\":\"ListItem\",\"position\":1,\"name\":\"Home\",\"item\":\"https:\/\/www.bde-group.be\/en\/\"},{\"@type\":\"ListItem\",\"position\":2,\"name\":\"Home\"}]}]}<\/script>\n<!-- \/ Yoast SEO plugin. -->","yoast_head_json":{"title":"Home - BDE Group","robots":{"index":"index","follow":"follow","max-snippet":"max-snippet:-1","max-image-preview":"max-image-preview:large","max-video-preview":"max-video-preview:-1"},"canonical":"https:\/\/www.bde-group.be\/en\/","og_locale":"en_US","og_type":"article","og_title":"Home - BDE Group","og_url":"https:\/\/www.bde-group.be\/en\/","og_site_name":"BDE Group","article_modified_time":"2018-06-27T09:34:27+00:00","og_image":[{"url":"https:\/\/2015.bde-group.be\/wp-content\/uploads\/2015\/12\/Equipe-BDE-Group.png"}],"twitter_card":"summary_large_image","twitter_misc":{"Est. reading time":"8 minutes"},"schema":{"@context":"https:\/\/schema.org","@graph":[{"@type":"WebSite","@id":"https:\/\/www.bde-group.be\/#website","url":"https:\/\/www.bde-group.be\/","name":"BDE Group","description":"Votre partenaire informatique!","potentialAction":[{"@type":"SearchAction","target":{"@type":"EntryPoint","urlTemplate":"https:\/\/www.bde-group.be\/?s={search_term_string}"},"query-input":"required name=search_term_string"}],"inLanguage":"en-US"},{"@type":"ImageObject","@id":"https:\/\/www.bde-group.be\/en\/#primaryimage","inLanguage":"en-US","url":"https:\/\/2015.bde-group.be\/wp-content\/uploads\/2015\/12\/Equipe-BDE-Group.png","contentUrl":"https:\/\/2015.bde-group.be\/wp-content\/uploads\/2015\/12\/Equipe-BDE-Group.png"},{"@type":"WebPage","@id":"https:\/\/www.bde-group.be\/en\/#webpage","url":"https:\/\/www.bde-group.be\/en\/","name":"Home - BDE Group","isPartOf":{"@id":"https:\/\/www.bde-group.be\/#website"},"primaryImageOfPage":{"@id":"https:\/\/www.bde-group.be\/en\/#primaryimage"},"datePublished":"2015-10-28T08:40:52+00:00","dateModified":"2018-06-27T09:34:27+00:00","breadcrumb":{"@id":"https:\/\/www.bde-group.be\/en\/#breadcrumb"},"inLanguage":"en-US","potentialAction":[{"@type":"ReadAction","target":["https:\/\/www.bde-group.be\/en\/"]}]},{"@type":"BreadcrumbList","@id":"https:\/\/www.bde-group.be\/en\/#breadcrumb","itemListElement":[{"@type":"ListItem","position":1,"name":"Home","item":"https:\/\/www.bde-group.be\/en\/"},{"@type":"ListItem","position":2,"name":"Home"}]}]}},"_links":{"self":[{"href":"https:\/\/www.bde-group.be\/en\/wp-json\/wp\/v2\/pages\/1791"}],"collection":[{"href":"https:\/\/www.bde-group.be\/en\/wp-json\/wp\/v2\/pages"}],"about":[{"href":"https:\/\/www.bde-group.be\/en\/wp-json\/wp\/v2\/types\/page"}],"author":[{"embeddable":true,"href":"https:\/\/www.bde-group.be\/en\/wp-json\/wp\/v2\/users\/1"}],"replies":[{"embeddable":true,"href":"https:\/\/www.bde-group.be\/en\/wp-json\/wp\/v2\/comments?post=1791"}],"version-history":[{"count":8,"href":"https:\/\/www.bde-group.be\/en\/wp-json\/wp\/v2\/pages\/1791\/revisions"}],"predecessor-version":[{"id":3217,"href":"https:\/\/www.bde-group.be\/en\/wp-json\/wp\/v2\/pages\/1791\/revisions\/3217"}],"wp:attachment":[{"href":"https:\/\/www.bde-group.be\/en\/wp-json\/wp\/v2\/media?parent=1791"}],"curies":[{"name":"wp","href":"https:\/\/api.w.org\/{rel}","templated":true}]}}