{"id":1698,"date":"2015-10-28T08:40:52","date_gmt":"2015-10-28T08:40:52","guid":{"rendered":"https:\/\/www.bde-group.be\/nl\/sample-page\/"},"modified":"2020-04-17T15:57:21","modified_gmt":"2020-04-17T15:57:21","slug":"sample-page","status":"publish","type":"page","link":"https:\/\/www.bde-group.be\/nl\/","title":{"rendered":"Home"},"content":{"rendered":"<p><div class=\"fusion-fullwidth fullwidth-box nonhundred-percent-fullwidth non-hundred-percent-height-scrolling\"  style='background-color: transparent;background-position: left top;background-repeat: no-repeat;padding-top:20px;padding-right:0px;padding-bottom:20px;padding-left:0px;border-top-width:0px;border-bottom-width:0px;border-color:#eae9e9;border-top-style:solid;border-bottom-style:solid;'><div class=\"fusion-builder-row fusion-row \"><div  class=\"fusion-layout-column fusion_builder_column fusion_builder_column_1_3  fusion-one-third fusion-column-first 1_3\"  style='margin-top:0px;margin-bottom:20px;width:30.6666%; margin-right: 4%;'>\n\t\t\t\t\t<div class=\"fusion-column-wrapper\" style=\"padding: 0px 0px 0px 0px;background-position:left top;background-repeat:no-repeat;-webkit-background-size:cover;-moz-background-size:cover;-o-background-size:cover;background-size:cover;\"  data-bg-url=\"\">\n\t\t\t\t\t\t<div class=\"fusion-title title fusion-sep-none fusion-title-size-two\" style=\"margin-top:0px;margin-bottom:31px;\"><h2 class=\"title-heading-left\">Uw informaticapartner !<\/h2><\/div><div class=\"fusion-text\"><p>Onze passie: onze klanten op een gepersonaliseerde manier begeleiden en adviseren<\/p>\n<p>Voor het beheer van uw IT-infrastructuur, voor de aankoop van IT-materieel of voor de veiligstelling van uw installaties en gegevens: wij bundelen de talenten die een oplossing-op-uw-maat bedenken en ontwikkelen.<\/p>\n<p>U kunt op ons vertrouwen en ons uw noden toevertrouwen. We doen er alles aan om erop in te spelen.<\/p>\n<\/div><span class=\"fusion-imageframe imageframe-none imageframe-1 hover-type-none\"><img loading=\"lazy\" src=\"https:\/\/2015.bde-group.be\/wp-content\/uploads\/2015\/12\/Equipe-BDE-Group.png\" width=\"\" height=\"\" alt=\"\" title=\"\" class=\"img-responsive\"\/><\/span><div class=\"fusion-clearfix\"><\/div>\n\n\t\t\t\t\t<\/div>\n\t\t\t\t<\/div><div  class=\"fusion-layout-column fusion_builder_column fusion_builder_column_2_5  fusion-two-fifth 2_5\"  style='margin-top:0px;margin-bottom:20px;width:37.6%; margin-right: 4%;'>\n\t\t\t\t\t<div class=\"fusion-column-wrapper\" style=\"padding: 0px 0px 0px 0px;background-position:left top;background-repeat:no-repeat;-webkit-background-size:cover;-moz-background-size:cover;-o-background-size:cover;background-size:cover;\"  data-bg-url=\"\">\n\t\t\t\t\t\t<div class=\"fusion-title title fusion-sep-none fusion-title-size-two\" style=\"margin-top:0px;margin-bottom:31px;\"><h2 class=\"title-heading-left\">Onze activiteitssectoren<\/h2><\/div><div class=\"services-bde-group\">\r\n\r\n<a href=\"\/nl\/entreprise\/\" style=\"background-image:url(\/wp-content\/uploads\/2015\/11\/service-entreprises.png)\">\r\n<div class=\"for-who-block-right service-1\"><span>Ondernemingen<span class=\"mini\"> & vrije beroepen<\/span><\/span><\/div><\/a>\r\n\r\n\r\n<a href=\"\/nl\/particulier\/\" class=\"rlink\" style=\"background-image:url(\/wp-content\/uploads\/2015\/11\/services-particuliers.jpg)\">\r\n<div class=\"for-who-block-left service-2\"><span>Particulieren<\/span><\/div><\/a>\r\n\r\n<a href=\"\/nl\/enseignement\/\" style=\"background-image:url(\/wp-content\/uploads\/2015\/11\/services-ecoles.jpg)\">\r\n<div class=\"for-who-block-right service-3\"><span>Onderwijs<\/span><\/div><\/a>\r\n\r\n<a href=\"\/nl\/secteur-public-hotels-hopitaux\/\" class=\"rlink secteurpublic\" style=\"background-image:url(\/wp-content\/uploads\/2015\/11\/services-public.jpg)\">\r\n<div class=\"for-who-block-left service-4\"><span>Publieke sector\r\n<span class=\"mini\">Hotels & Ziekenhuizen<\/span><\/span><\/div><\/a>\r\n\r\n<\/div><div class=\"fusion-clearfix\"><\/div>\n\n\t\t\t\t\t<\/div>\n\t\t\t\t<\/div><div  class=\"fusion-layout-column fusion_builder_column fusion_builder_column_1_4  fusion-one-fourth fusion-spacing-no sidebar-bdegroup 1_4\"  style='margin-top:0px;margin-bottom:20px;width:22%; margin-right: 0%;'>\n\t\t\t\t\t<div class=\"fusion-column-wrapper\" style=\"padding: 0px 0px 0px 0px;background-position:left top;background-repeat:no-repeat;-webkit-background-size:cover;-moz-background-size:cover;-o-background-size:cover;background-size:cover;\"  data-bg-url=\"\">\n\t\t\t\t\t\t<div class=\"fusion-title title fusion-sep-none fusion-title-size-two\" style=\"margin-top:0px;margin-bottom:31px;\"><h2 class=\"title-heading-left\">Onze diensten<\/h2><\/div><div class=\"fusion-widget-area fusion-widget-area-1 fusion-content-widget-area\"><style type=\"text\/css\" scoped=\"scoped\">.fusion-widget-area-1 {padding:0px 0px 0px 0px;}.fusion-widget-area-1 .widget h4 {color:#50606f;}.fusion-widget-area-1 .widget .heading h4 {color:#50606f;}<\/style><div id=\"text-3\" class=\"widget widget_text\">\t\t\t<div class=\"textwidget\"><div class=\"services-bde-group\"><div class=\"lang-fr\">Le BDE Group vous propose diff\u00e9rents services IT par le biais de diff\u00e9rentes soci\u00e9t\u00e9s:\r\n\r\n<a href=\"http:\/\/www.bisoft.be\/\" alt=\"Bisoft - IT Services\" class=\"border-blue\"><img src=\"\/wp-content\/uploads\/2020\/04\/logo-bisoft-home.png\" \/><div class=\"after\">IT Services<\/div><\/a>\r\n\r\n<a href=\"http:\/\/www.revalor\/\" alt=\"Revalor\" <\/a>\r\n<\/div>\r\n<div class=\"lang-nl\">BDE Group biedt verschillende IT-diensten aan via verschillende vennootschappen:\r\n<a href=\"http:\/\/www.bisoft.be\/nl\" alt=\"Bisoft - IT Services\" class=\"border-blue\"><img src=\"\/wp-content\/uploads\/2020\/04\/logo-bisoft-home.png\" \/><div class=\"after\">IT Services<\/div><\/a>\r\n\r\n<a href=\"http:\/\/www.revalor\/\" alt=\"Revalor\" <\/a>\r\n\r\n<\/div>\r\n\r\n\r\n<div class=\"lang-en\">The BDE Group offers the full range of IT services through its different companies:\r\n<a href=\"http:\/\/www.bisoft.be\/en\" alt=\"Bisoft - IT Services\" class=\"border-blue\"><img src=\"\/wp-content\/uploads\/2020\/04\/logo-bisoft-home.png\" \/><div class=\"after\">IT Services<\/div><\/a>\r\n\r\n<a href=\"http:\/\/www.revalor\/\" alt=\"Revalor\" <\/a>\r\n<\/div>\r\n\r\n<\/div><\/div>\n\t\t<\/div><div class=\"fusion-additional-widget-content\"><\/div><\/div><div class=\"fusion-clearfix\"><\/div>\n\n\t\t\t\t\t<\/div>\n\t\t\t\t<\/div><\/div><\/div><div class=\"fusion-fullwidth fullwidth-box white nonhundred-percent-fullwidth non-hundred-percent-height-scrolling fusion-equal-height-columns\"  style='background-color: #749cd6;background-position: left top;background-repeat: no-repeat;border-top-width:0px;border-bottom-width:0px;border-color:#eae9e9;border-top-style:solid;border-bottom-style:solid;'><div class=\"fusion-builder-row fusion-row \"><div  class=\"fusion-layout-column fusion_builder_column fusion_builder_column_3_5  fusion-three-fifth fusion-column-first 3_5\"  style='margin-top:0px;margin-bottom:0px;width:58.4%; margin-right: 4%;'>\n\t\t\t\t\t<div class=\"fusion-column-wrapper\" style=\"padding: 40px 0px 40px 60px;background-position:left top;background-repeat:no-repeat;-webkit-background-size:cover;-moz-background-size:cover;-o-background-size:cover;background-size:cover;\"  data-bg-url=\"\">\n\t\t\t\t\t\t<div class=\"fusion-title title fusion-sep-none fusion-title-size-two\" style=\"margin-top:0px;margin-bottom:31px;\"><h2 class=\"title-heading-left\">\u201cAan uw zijde sinds 1992 \u2026 al\u201d<\/h2><\/div><div class=\"fusion-text\"><div id=\"attachment_758\" style=\"width: 210px\" class=\"wp-caption alignleft\"><a href=\"https:\/\/2015.bde-group.be\/wp-content\/uploads\/2015\/10\/Bernard.jpg\"><img aria-describedby=\"caption-attachment-758\" loading=\"lazy\" class=\"wp-image-758\" style=\"margin-top: 10px;\" src=\"https:\/\/2015.bde-group.be\/wp-content\/uploads\/2015\/10\/Bernard-300x199.jpg\" alt=\"Bernard Persoons - CEO\" width=\"200\" height=\"133\" srcset=\"https:\/\/www.bde-group.be\/wp-content\/uploads\/2015\/10\/Bernard-300x199.jpg 300w, https:\/\/www.bde-group.be\/wp-content\/uploads\/2015\/10\/Bernard-1024x681.jpg 1024w, https:\/\/www.bde-group.be\/wp-content\/uploads\/2015\/10\/Bernard.jpg 1920w\" sizes=\"(max-width: 200px) 100vw, 200px\" \/><\/a><p id=\"caption-attachment-758\" class=\"wp-caption-text\">Bernard Persoons &#8211; CEO<\/p><\/div>\n<p>Bij het schrijven van deze regeltjes als inleiding op de presentatie van onze groep, borrelt er diep in mij een gevoel van ondernemersfierheid op. Het is een gevoel dat ik graag wil onderstrepen in deze periode van technologische omwenteling die ons nieuwe uitdagingen aanreikt.<br \/>\nDit avontuur was alleen mogelijk dankzij de drijvende kracht die het menselijke kapitaal van onze groep belichaamt. Ik denk hierbij aan onze medewerkers van het eerste uur, maar ook en vooral aan de klanten die het beheer van hun informatiesystemen toevertrouwen aan de talenten die ons team rijk is.<br \/>\nBinnen BDE Group is de overdracht een essenti\u00eble waarde. En daarmee bedoel ik niet alleen de intergenerationele overdracht, maar ook het delen van vaardigheden met de technologische partners die we streng selecteren en met de technische teams van de klanten die we begeleiden.<br \/>\nIn de loop van zijn evolutie heeft BDE Group zijn dienstverlening toegespitst op lokale entiteiten, ziekenhuizen, hotels, onderwijs en distributie, maar ook op de begeleiding van zowel private als publieke dienstverlenende bedrijven.<br \/>\nDaarom houden onze teams een veeleisend opleidingsniveau in stand, zorgen ze voor een totale inzet en zijn ze gedreven door spitstechnologie, tot grote tevredenheid van onze klanten die ons in ruil belonen met hun trouw. En daar zijn we terecht trots op.<br \/>\nBDE Group is gelijk ook een onderneming op mensenmaat, waar iedereen zijn plek heeft, met zijn eigen vaardigheden en waarden. Na drie jaar samenwerking met de diversiteitscel van Actiris, werd BDE Group trouwens gelauwerd met het Diversiteitslabel.<br \/>\nDat plan kreeg een concrete invulling door de aanwerving van mensen met een handicap, door de aanleg van opleidingsruimten voor mensen met een beperkte mobiliteit en door het uitwerken van een opleidingscatalogus voor slechthorenden.<br \/>\nDit is in een notendop wat ons kenmerkt. Ik nodig u graag uit om kennis te maken met de beroepen van de verschillende entiteiten van BDE Group.<\/p>\n<\/div><div class=\"fusion-clearfix\"><\/div>\n\n\t\t\t\t\t<\/div>\n\t\t\t\t<\/div><div  class=\"fusion-layout-column fusion_builder_column fusion_builder_column_2_5  fusion-two-fifth fusion-column-last cover 2_5\"  style='margin-top:0px;margin-bottom:0px;width:37.6%'>\n\t\t\t\t\t<div class=\"fusion-column-wrapper\" style=\"padding: 0px 0px 0px 0px;background-image: url('https:\/\/2015.bde-group.be\/wp-content\/uploads\/2015\/10\/bde1992-3-e1446944468953.jpg');background-position:center center;background-repeat:no-repeat;-webkit-background-size:cover;-moz-background-size:cover;-o-background-size:cover;background-size:cover;\"  data-bg-url=\"https:\/\/2015.bde-group.be\/wp-content\/uploads\/2015\/10\/bde1992-3-e1446944468953.jpg\">\n\t\t\t\t\t\t<div class=\"fusion-clearfix\"><\/div>\n\n\t\t\t\t\t<\/div>\n\t\t\t\t<\/div><\/div><\/div><div class=\"fusion-fullwidth fullwidth-box nonhundred-percent-fullwidth non-hundred-percent-height-scrolling\"  style='background-color: transparent;background-position: left top;background-repeat: no-repeat;padding-top:40px;padding-right:0px;padding-bottom:20px;padding-left:0px;border-top-width:0px;border-bottom-width:0px;border-color:#eae9e9;border-top-style:solid;border-bottom-style:solid;'><div class=\"fusion-builder-row fusion-row \"><\/div><\/div><\/p>\n","protected":false},"excerpt":{"rendered":"","protected":false},"author":1,"featured_media":0,"parent":0,"menu_order":0,"comment_status":"closed","ping_status":"open","template":"100-width.php","meta":[],"yoast_head":"<!-- This site is optimized with the Yoast SEO plugin v17.9 - https:\/\/yoast.com\/wordpress\/plugins\/seo\/ -->\n<title>Home - BDE Group<\/title>\n<meta name=\"robots\" content=\"index, follow, max-snippet:-1, max-image-preview:large, max-video-preview:-1\" \/>\n<link rel=\"canonical\" href=\"https:\/\/www.bde-group.be\/nl\/\" \/>\n<meta property=\"og:locale\" content=\"nl_NL\" \/>\n<meta property=\"og:type\" content=\"article\" \/>\n<meta property=\"og:title\" content=\"Home - BDE Group\" \/>\n<meta property=\"og:url\" content=\"https:\/\/www.bde-group.be\/nl\/\" \/>\n<meta property=\"og:site_name\" content=\"BDE Group\" \/>\n<meta property=\"article:modified_time\" content=\"2020-04-17T15:57:21+00:00\" \/>\n<meta property=\"og:image\" content=\"https:\/\/2015.bde-group.be\/wp-content\/uploads\/2015\/12\/Equipe-BDE-Group.png\" \/>\n<meta name=\"twitter:card\" content=\"summary_large_image\" \/>\n<meta name=\"twitter:label1\" content=\"Geschatte leestijd\" \/>\n\t<meta name=\"twitter:data1\" content=\"7 minuten\" \/>\n<script type=\"application\/ld+json\" class=\"yoast-schema-graph\">{\"@context\":\"https:\/\/schema.org\",\"@graph\":[{\"@type\":\"WebSite\",\"@id\":\"https:\/\/www.bde-group.be\/#website\",\"url\":\"https:\/\/www.bde-group.be\/\",\"name\":\"BDE Group\",\"description\":\"Votre partenaire informatique!\",\"potentialAction\":[{\"@type\":\"SearchAction\",\"target\":{\"@type\":\"EntryPoint\",\"urlTemplate\":\"https:\/\/www.bde-group.be\/?s={search_term_string}\"},\"query-input\":\"required name=search_term_string\"}],\"inLanguage\":\"nl\"},{\"@type\":\"ImageObject\",\"@id\":\"https:\/\/www.bde-group.be\/nl\/#primaryimage\",\"inLanguage\":\"nl\",\"url\":\"https:\/\/2015.bde-group.be\/wp-content\/uploads\/2015\/12\/Equipe-BDE-Group.png\",\"contentUrl\":\"https:\/\/2015.bde-group.be\/wp-content\/uploads\/2015\/12\/Equipe-BDE-Group.png\"},{\"@type\":\"WebPage\",\"@id\":\"https:\/\/www.bde-group.be\/nl\/#webpage\",\"url\":\"https:\/\/www.bde-group.be\/nl\/\",\"name\":\"Home - BDE Group\",\"isPartOf\":{\"@id\":\"https:\/\/www.bde-group.be\/#website\"},\"primaryImageOfPage\":{\"@id\":\"https:\/\/www.bde-group.be\/nl\/#primaryimage\"},\"datePublished\":\"2015-10-28T08:40:52+00:00\",\"dateModified\":\"2020-04-17T15:57:21+00:00\",\"breadcrumb\":{\"@id\":\"https:\/\/www.bde-group.be\/nl\/#breadcrumb\"},\"inLanguage\":\"nl\",\"potentialAction\":[{\"@type\":\"ReadAction\",\"target\":[\"https:\/\/www.bde-group.be\/nl\/\"]}]},{\"@type\":\"BreadcrumbList\",\"@id\":\"https:\/\/www.bde-group.be\/nl\/#breadcrumb\",\"itemListElement\":[{\"@type\":\"ListItem\",\"position\":1,\"name\":\"Home\",\"item\":\"https:\/\/www.bde-group.be\/nl\/\"},{\"@type\":\"ListItem\",\"position\":2,\"name\":\"Home\"}]}]}<\/script>\n<!-- \/ Yoast SEO plugin. -->","yoast_head_json":{"title":"Home - BDE Group","robots":{"index":"index","follow":"follow","max-snippet":"max-snippet:-1","max-image-preview":"max-image-preview:large","max-video-preview":"max-video-preview:-1"},"canonical":"https:\/\/www.bde-group.be\/nl\/","og_locale":"nl_NL","og_type":"article","og_title":"Home - BDE Group","og_url":"https:\/\/www.bde-group.be\/nl\/","og_site_name":"BDE Group","article_modified_time":"2020-04-17T15:57:21+00:00","og_image":[{"url":"https:\/\/2015.bde-group.be\/wp-content\/uploads\/2015\/12\/Equipe-BDE-Group.png"}],"twitter_card":"summary_large_image","twitter_misc":{"Geschatte leestijd":"7 minuten"},"schema":{"@context":"https:\/\/schema.org","@graph":[{"@type":"WebSite","@id":"https:\/\/www.bde-group.be\/#website","url":"https:\/\/www.bde-group.be\/","name":"BDE Group","description":"Votre partenaire informatique!","potentialAction":[{"@type":"SearchAction","target":{"@type":"EntryPoint","urlTemplate":"https:\/\/www.bde-group.be\/?s={search_term_string}"},"query-input":"required name=search_term_string"}],"inLanguage":"nl"},{"@type":"ImageObject","@id":"https:\/\/www.bde-group.be\/nl\/#primaryimage","inLanguage":"nl","url":"https:\/\/2015.bde-group.be\/wp-content\/uploads\/2015\/12\/Equipe-BDE-Group.png","contentUrl":"https:\/\/2015.bde-group.be\/wp-content\/uploads\/2015\/12\/Equipe-BDE-Group.png"},{"@type":"WebPage","@id":"https:\/\/www.bde-group.be\/nl\/#webpage","url":"https:\/\/www.bde-group.be\/nl\/","name":"Home - BDE Group","isPartOf":{"@id":"https:\/\/www.bde-group.be\/#website"},"primaryImageOfPage":{"@id":"https:\/\/www.bde-group.be\/nl\/#primaryimage"},"datePublished":"2015-10-28T08:40:52+00:00","dateModified":"2020-04-17T15:57:21+00:00","breadcrumb":{"@id":"https:\/\/www.bde-group.be\/nl\/#breadcrumb"},"inLanguage":"nl","potentialAction":[{"@type":"ReadAction","target":["https:\/\/www.bde-group.be\/nl\/"]}]},{"@type":"BreadcrumbList","@id":"https:\/\/www.bde-group.be\/nl\/#breadcrumb","itemListElement":[{"@type":"ListItem","position":1,"name":"Home","item":"https:\/\/www.bde-group.be\/nl\/"},{"@type":"ListItem","position":2,"name":"Home"}]}]}},"_links":{"self":[{"href":"https:\/\/www.bde-group.be\/nl\/wp-json\/wp\/v2\/pages\/1698"}],"collection":[{"href":"https:\/\/www.bde-group.be\/nl\/wp-json\/wp\/v2\/pages"}],"about":[{"href":"https:\/\/www.bde-group.be\/nl\/wp-json\/wp\/v2\/types\/page"}],"author":[{"embeddable":true,"href":"https:\/\/www.bde-group.be\/nl\/wp-json\/wp\/v2\/users\/1"}],"replies":[{"embeddable":true,"href":"https:\/\/www.bde-group.be\/nl\/wp-json\/wp\/v2\/comments?post=1698"}],"version-history":[{"count":13,"href":"https:\/\/www.bde-group.be\/nl\/wp-json\/wp\/v2\/pages\/1698\/revisions"}],"predecessor-version":[{"id":3478,"href":"https:\/\/www.bde-group.be\/nl\/wp-json\/wp\/v2\/pages\/1698\/revisions\/3478"}],"wp:attachment":[{"href":"https:\/\/www.bde-group.be\/nl\/wp-json\/wp\/v2\/media?parent=1698"}],"curies":[{"name":"wp","href":"https:\/\/api.w.org\/{rel}","templated":true}]}}